{"id":67,"date":"2020-03-23T17:03:46","date_gmt":"2020-03-23T17:03:46","guid":{"rendered":"http:\/\/sonderverein-ostfriesische-moewen.de\/?page_id=67"},"modified":"2024-12-09T13:08:03","modified_gmt":"2024-12-09T13:08:03","slug":"impressum","status":"publish","type":"page","link":"https:\/\/sonderverein-ostfriesische-moewen.de\/?page_id=67","title":{"rendered":"Impressum"},"content":{"rendered":"\n<p><strong>Impressum<\/strong><\/p>\n\n\n\n<p><strong>Herausgeber<\/strong><\/p>\n\n\n\n<figure class=\"wp-block-table\"><table><tbody><tr><td><strong>Sonderverein der Z\u00fcchter Ostfriesischer Gold- und Silberm\u00f6wen sowie Ostfriesischer Zwergm\u00f6wen<\/strong><br>1.Vorsitzender Lars Beyermann<br>Lessingstra\u00dfe 15<br>06406 Bernburg<br>Tel.: 0162-7111582<br>mail : larsbeyermannn@yahoo.de<\/td><\/tr><tr><td><\/td><td><\/td><td>\n&nbsp;\n<\/td><\/tr><\/tbody><\/table><\/figure>\n\n\n\n<hr class=\"wp-block-separator has-css-opacity\"\/>\n\n\n\n<h4 class=\"wp-block-heading\">Datenschutz<\/h4>\n\n\n\n<p>Bei jedem Zugriff auf das Internetangebot und bei jedem Abruf einer Datei werden Daten \u00fcber diesen Vorgang in einer\nProtokolldatei gespeichert und verarbeitet.<\/p>\n\n\n\n<p>Im Einzelnen werden \u00fcber jeden Zugriff\/Abruf folgende Daten gespeichert:<\/p>\n\n\n\n<ul class=\"wp-block-list\">\n<li>Datum\/Uhrzeit<\/li>\n\n\n\n<li>besuchte Seite<\/li>\n\n\n\n<li>Beschreibung des Typs des verwendeten Webbrowsers<\/li>\n\n\n\n<li>verwendetes Betriebssystem<\/li>\n\n\n\n<li>IP-Adresse<\/li>\n\n\n\n<li>Suchbegriffe<\/li>\n<\/ul>\n\n\n\n<p>Die Daten werden ausschlie\u00dflich f\u00fcr statistische Zwecke verarbeitet und ausgewertet. Die gef\u00fchrte Zugriffsstatistik l\u00e4sst keine\nR\u00fcckschl\u00fcsse auf personenbezogene Daten zu.<\/p>\n\n\n\n<p>Beim Aufruf einzelner Seiten werden sog. tempor\u00e4re Cookies verwendet, um die Navigation zu erleichtern. Diese Session-Cookies\nbeinhalten keine personenbezoge-nen Daten und verfallen nach Ablauf der Sitzung. Java-Applets und Active-X-Controls werden nicht eingesetzt.<\/p>\n\n\n\n<p>Wenn Sie uns \u00fcber das Kontaktformular erreichen, werden die von Ihnen angegebenen pers\u00f6nlichen Daten ausschlie\u00dflich zur Bearbeitung\nIhres Anliegens bzw. Ihres Antrages verwendet. Die pers\u00f6nlichen Daten werden nicht in unseren elektronischen Daten-bestand aufgenommen. Eine Weitergabe an Dritte erfolgt nicht. Beachten Sie bitte,\ndass die Daten\u00fcbermittlung \u00fcber das Kontaktformular unverschl\u00fcsselt erfolgt &#8211; wir k\u00f6nnen daher nicht ausschlie\u00dfen, dass die Daten w\u00e4hrend der elektronischen \u00dcber-tragung an uns von Dritten gelesen\noder ver\u00e4ndert werden k\u00f6nnen. F\u00fcr vertrauliche Nachrichten nutzen Sie bitte den herk\u00f6mmlichen Postweg.<\/p>\n\n\n\n<hr class=\"wp-block-separator has-css-opacity\"\/>\n\n\n\n<h4 class=\"wp-block-heading\">Wichtige Hinweise zu Emails<\/h4>\n\n\n\n<p>Dieser Kommunikationsweg (Email) steht ausschlie\u00dflich f\u00fcr Verwaltungsangelegen-heiten zur Verf\u00fcgung. Es wird darauf hingewiesen, dass\nmit diesem Kommunikations-mittel Verfahrensantr\u00e4ge oder Schrifts\u00e4tze <strong>nicht rechtswirksam<\/strong> eingereicht werden k\u00f6nnen. Sollte Ihre Nachricht einen entsprechenden Schriftsatz beinhalten,\nist eine Wiederholung der \u00dcbermittlung mittels Telefax oder auf dem Postwege unbedingt erforderlich.<\/p>\n\n\n\n<p>Da es aus verwaltungsinternen Gr\u00fcnden derzeit nicht m\u00f6glich ist, alle Vorg\u00e4nge, die per Email eingehen, auch auf elektronischem Wege zu\nbeantworten, werden die Nutzer des Email-Zugangs gebeten, neben der Email-Adresse auch ihre Postanschrift anzugeben.<\/p>\n\n\n\n<hr class=\"wp-block-separator has-css-opacity\"\/>\n\n\n\n<h4 class=\"wp-block-heading\">Netzwerk<\/h4>\n\n\n\n<p>Alle Portale auf Basis PortUNA.cms sind untereinander vernetzt. Daher werden Informationen auch anderen Portalen thematisch und\nregional zugeordnet. (Beispiel: Veranstaltungen einer Kommune werden auch auf einem landesweiten Portal dargestellt.) Nutzer, die sich auf diesem Portal anmelden, k\u00f6nnen sich auch auf anderen\nPortalen des Netzwerkes anmelden.<\/p>\n\n\n\n<hr class=\"wp-block-separator has-css-opacity\"\/>\n\n\n\n<h4 class=\"wp-block-heading\">Urheberrecht<\/h4>\n\n\n\n<p>Die Rechte am Inhalt dieses Internet-Auftritts liegen sowohl beim Herausgeber als auch beim Betreiber. Eine Nachnutzung in anderen\nelektronischen oder gedruckten Publikationen, gleich welcher Art und auch auszugsweise, bedarf der schriftlichen Genehmigung des Herausgebers und des Betreibers.<\/p>\n\n\n\n<p>Alle Rechte am Design und der Technologie dieses Internet-Auftritts liegen beim Betreiber. Eine Nachnutzung, gleich welcher Art und\nauch auszugsweise, ist ohne schriftliche Genehmigung des Betreibers untersagt. Zuwiderhandlungen werden zivil- und strafrechtlich verfolgt.<\/p>\n\n\n\n<p>Der Herausgeber ist bestrebt, in allen Publikationen die Urheberrechte der ver-wendeten Grafiken, Sounds und Texte zu beachten, von ihm\nselbst erstellte Grafiken, Sounds und Texte zu nutzen oder auf lizenzfreie Grafiken, Sounds und Texte zur\u00fcckzugreifen. Sollte sich auf den jeweiligen Seiten dennoch eine ungekenn-zeichnete, aber\ndurch fremdes Copyright gesch\u00fctzte Grafik, ein Sound oder Text befinden, so konnte das Urheberrecht vom Herausgeber nicht festgestellt werden. Im Falle einer solchen unbeabsichtigten\nCopyright-Verletzung wird der Herausgeber das entsprechende Objekt nach Benachrichtigung aus seiner Publikation entfernen bzw. mit dem entsprechenden Copyright kenntlich machen.<\/p>\n\n\n\n<hr class=\"wp-block-separator has-css-opacity\"\/>\n\n\n\n<h4 class=\"wp-block-heading\">Haftungsausschluss<\/h4>\n\n\n\n<p>Der Herausgeber dieser Homepage \u00fcbernimmt keinerlei Gew\u00e4hr f\u00fcr die Aktualit\u00e4t, Korrektheit, Vollst\u00e4ndigkeit oder Qualit\u00e4t der\nbereitgestellten Informationen. Der Herausgeber beh\u00e4lt es sich ausdr\u00fccklich vor, Teile der Seiten oder das gesamte Angebot ohne gesonderte Ank\u00fcndigung zu ver\u00e4ndern, zu erg\u00e4nzen, zu l\u00f6schen oder die\nVer\u00f6ffentlichung zeitweise oder endg\u00fcltig einzustellen. Haftungsanspr\u00fcche gegen den Inhaber, die sich auf Sch\u00e4den materieller oder ideeller Art beziehen, welche durch die Nutzung oder Nichtnutzung\nder dargebotenen Informationen bzw. durch die Nutzung fehlerhafter und unvollst\u00e4ndiger Informationen verursacht wurden sind ausgeschlossen.<\/p>\n\n\n\n<p>Mit Urteil vom 12. Mai 1998 hat das Landgericht Hamburg entschieden, dass man durch die Anbringung eines Links die Inhalte der\ngelinkten Seite ggf. mit zu verantworten hat. Dies kann, so das LG, nur dadurch verhindert werden, dass man sich ausdr\u00fccklich von diesen Inhalten distanziert. Wir m\u00f6chten ausdr\u00fccklich betonen, dass\nwir keinerlei Einfluss auf die Gestaltung und die Inhalte der gelinkten Seiten haben. Deshalb distanzieren wir uns hiermit ausdr\u00fccklich von allen Inhalten aller gelinkter Seiten und machen uns diese\nnicht zu Eigen. Diese Erkl\u00e4rung gilt f\u00fcr alle innerhalb unserer Seiten, ausgebrachte Links und f\u00fcr alle Inhalte der Seiten, zu denen diese Links f\u00fchren.<\/p>\n\n\n\n<p>F\u00fcr Inhalte und Sch\u00e4den, die aus der Nutzung oder Nichtnutzung durch Links dargebotener Informationen entstehen, haften allein die\nAnbieter dieser Seiten, nicht derjenige, der \u00fcber Links auf die jeweilige Ver\u00f6ffentlichung lediglich verweist. Diese Einschr\u00e4nkung gilt gleicherma\u00dfen auch f\u00fcr Fremdeintr\u00e4ge in allen interaktiven\nElementen dieses Internet-Auftritts. F\u00fcr den Inhalt fremder Seiten ist ausschlie\u00dflich der betreffende Autor selbst verantwortlich.<\/p>\n\n\n\n<p>Die Links und Informationen dieser Homepage werden nur zum Informationsaustausch bereitgestellt und begr\u00fcnden keine gesch\u00e4ftlichen oder\nberuflichen Beziehungen irgendwelcher Art. Sie sind nicht als Rechts- oder Steuerberatungsleistungen zu verstehen, sondern dienen rein informativen Zwecken. Vor gesch\u00e4ftlichen Entscheidungen setzen\nSie sich bitte mit ihrem Steuerberater oder Rechtsanwalt in Verbindung.<\/p>\n\n\n\n<hr class=\"wp-block-separator has-css-opacity\"\/>\n\n\n\n<h4 class=\"wp-block-heading\">Hinweis zu Google Analytics<\/h4>\n\n\n\n<p>Sobald auf dieser Webseite Google Analytics, einen Webanalysedienst der Google Inc. (&#8222;Google&#8220;), verwendet wird, werden sog. &#8222;Cookies&#8220;,\nTextdateien, auf Ihrem Computer gespeichert, die eine Analyse der Benutzung der Website durch Sie erm\u00f6glichen.<\/p>\n\n\n\n<p>Die durch den Cookie erzeugten Informationen \u00fcber Ihre Benutzung dieser Website werden in der Regel an einen Server von Google in den\nUSA \u00fcbertragen und dort gespeichert. Im Falle der Aktivierung der IP-Anonymisierung auf dieser Webseite, wird Ihre IP-Adresse von Google jedoch innerhalb von Mitgliedstaaten der Europ\u00e4ischen Union\noder in anderen Vertragsstaaten des Abkommens \u00fcber den Europ\u00e4ischen Wirtschaftsraum zuvor gek\u00fcrzt. Nur in Ausnahmef\u00e4llen wird die volle IP-Adresse an einen Server von Google in den USA \u00fcbertragen und\ndort gek\u00fcrzt. Im Auftrag des Betreibers dieser Website wird Google diese Informationen benutzen, um Ihre Nutzung der Website auszuwerten, um Reports \u00fcber die Websiteaktivit\u00e4ten zusammenzustellen und\num weitere mit der Websitenutzung und der Internetnutzung verbundene Dienstleistungen gegen\u00fcber dem Websitebetreiber zu erbringen.<\/p>\n\n\n\n<p>Die im Rahmen von Google Analytics von Ihrem Browser \u00fcbermittelte IP-Adresse wird nicht mit anderen Daten von Google zusammengef\u00fchrt.\nSie k\u00f6nnen die Speicherung der Cookies durch eine entsprechende Einstellung Ihrer Browser-Software verhindern; wir weisen Sie jedoch darauf hin, dass Sie in diesem Fall gegebenenfalls nicht s\u00e4mtliche\nFunktionen dieser Website vollumf\u00e4nglich werden nutzen k\u00f6nnen. Sie k\u00f6nnen dar\u00fcber hinaus die Erfassung der durch das Cookie erzeugten und auf Ihre Nutzung der Website bezogenen Daten (inkl. Ihrer\nIP-Adresse) an Google sowie die Verarbeitung dieser Daten durch Google verhindern, indem sie das unter dem folgenden Link verf\u00fcgbare Browser-Plugin herunterladen und installieren [<a href=\"http:\/\/tools.google.com\/dlpage\/gaoptout?hl=de\">http:\/\/tools.google.com\/dlpage\/gaoptout?hl=de<\/a>].<\/p>\n\n\n\n<hr class=\"wp-block-separator has-css-opacity\"\/>\n\n\n\n<h4 class=\"wp-block-heading\">Google Adsense Datenschutzhinweis<\/h4>\n\n\n\n<p>Soweit Google Adsense, einen Webanzeigendienst der Google Inc., USA (&#8222;Google&#8220;), auf dieser Website Werbung (Textanzeigen, Banner etc.)\nschaltet, speichert Ihr Browser eventuell ein von Google Inc. oder Dritten gesendetes Cookie. Die in dem Cookie gespeicherten Informationen k\u00f6nnen durch Google Inc. oder auch Dritte aufgezeichnet,\ngesammelt und ausgewertet werden. Dar\u00fcber hinaus verwendet Google Adsense zur Sammlung von Informationen auch sog. &#8222;WebBacons&#8220; (kleine unsichtbare Grafiken), durch deren Verwendung einfache Aktionen\nwie der Besucherverkehr auf der Webseite aufgezeichnet, gesammelt und ausgewertet werden k\u00f6nnen. Die durch den Cookie und\/oder Web Bacon erzeugten Informationen \u00fcber Ihre Nutzung dieser Website\nwerden an einen Server von Google in den USA \u00fcbertragen und dort gespeichert. Google benutzt die so erhaltenen Informationen, um eine Auswertung Ihres Nutzungsverhaltens im Hinblick auf die\nAdSense-Anzeigen durchzuf\u00fchren. Google wird diese Informationen gegebenenfalls auch an Dritte \u00fcbertragen, sofern dies gesetzlich vorgeschrieben ist oder soweit Dritte diese Daten im Auftrag von\nGoogle verarbeiten. Ihre IP-Adresse wird von Google nicht mit anderen von Google gespeicherten Daten in Verbindung gebracht. Sie k\u00f6nnen das Speichern von Cookies auf Ihrer Festplatte und die Anzeige\nvon Web Bacons verhindern. Dazu m\u00fcssen Sie in Ihren Browser-Einstellungen &#8222;keine Cookies akzeptieren&#8220; w\u00e4hlen (Im Internet-Explorer unter &#8222;Extras \/ Internetoptionen \/ Datenschutz \/ Einstellung&#8220;, bei\nFirefox unter &#8222;Extras \/ Einstellungen \/ Datenschutz \/ Cookies&#8220;).<\/p>\n","protected":false},"excerpt":{"rendered":"<p>Impressum Herausgeber Sonderverein der Z\u00fcchter Ostfriesischer Gold- und Silberm\u00f6wen sowie Ostfriesischer Zwergm\u00f6wen1.Vorsitzender Lars BeyermannLessingstra\u00dfe 1506406 BernburgTel.: 0162-7111582mail : larsbeyermannn@yahoo.de &nbsp; Datenschutz Bei jedem Zugriff auf das Internetangebot und bei jedem Abruf einer Datei werden Daten \u00fcber diesen Vorgang in einer Protokolldatei gespeichert und verarbeitet. Im Einzelnen werden \u00fcber jeden Zugriff\/Abruf folgende Daten gespeichert: Die Daten &#8230; <a title=\"Impressum\" class=\"read-more\" href=\"https:\/\/sonderverein-ostfriesische-moewen.de\/?page_id=67\" aria-label=\"Mehr Informationen \u00fcber Impressum\">Weiterlesen<\/a><\/p>\n","protected":false},"author":1,"featured_media":0,"parent":0,"menu_order":0,"comment_status":"closed","ping_status":"closed","template":"","meta":{"footnotes":""},"class_list":["post-67","page","type-page","status-publish"],"_links":{"self":[{"href":"https:\/\/sonderverein-ostfriesische-moewen.de\/index.php?rest_route=\/wp\/v2\/pages\/67","targetHints":{"allow":["GET"]}}],"collection":[{"href":"https:\/\/sonderverein-ostfriesische-moewen.de\/index.php?rest_route=\/wp\/v2\/pages"}],"about":[{"href":"https:\/\/sonderverein-ostfriesische-moewen.de\/index.php?rest_route=\/wp\/v2\/types\/page"}],"author":[{"embeddable":true,"href":"https:\/\/sonderverein-ostfriesische-moewen.de\/index.php?rest_route=\/wp\/v2\/users\/1"}],"replies":[{"embeddable":true,"href":"https:\/\/sonderverein-ostfriesische-moewen.de\/index.php?rest_route=%2Fwp%2Fv2%2Fcomments&post=67"}],"version-history":[{"count":5,"href":"https:\/\/sonderverein-ostfriesische-moewen.de\/index.php?rest_route=\/wp\/v2\/pages\/67\/revisions"}],"predecessor-version":[{"id":573,"href":"https:\/\/sonderverein-ostfriesische-moewen.de\/index.php?rest_route=\/wp\/v2\/pages\/67\/revisions\/573"}],"wp:attachment":[{"href":"https:\/\/sonderverein-ostfriesische-moewen.de\/index.php?rest_route=%2Fwp%2Fv2%2Fmedia&parent=67"}],"curies":[{"name":"wp","href":"https:\/\/api.w.org\/{rel}","templated":true}]}}